{"id":1039,"date":"2020-09-01T10:14:12","date_gmt":"2020-09-01T08:14:12","guid":{"rendered":"http:\/\/new.hotelduglacier.it\/petit-dejeuner\/"},"modified":"2020-09-08T08:30:13","modified_gmt":"2020-09-08T06:30:13","slug":"petit-dejeuner","status":"publish","type":"page","link":"https:\/\/www.hotelduglacier.it\/fr\/petit-dejeuner\/","title":{"rendered":"Petit-d\u00e9jeuner"},"content":{"rendered":"<p>[et_pb_section fb_built=\u00a0\u00bb1&Prime; custom_padding_last_edited=\u00a0\u00bbon|phone\u00a0\u00bb _builder_version=\u00a0\u00bb4.1&Prime; background_color_gradient_direction=\u00a0\u00bb128deg\u00a0\u00bb background_image=\u00a0\u00bbhttp:\/\/www.hotelduglacier.it\/wp-content\/uploads\/2020\/01\/colazioni.jpg\u00a0\u00bb parallax=\u00a0\u00bbon\u00a0\u00bb parallax_method=\u00a0\u00bboff\u00a0\u00bb custom_padding=\u00a0\u00bb200px||500px||false|false\u00a0\u00bb custom_padding_tablet=\u00a0\u00bb100px||250px||false|false\u00a0\u00bb custom_padding_phone=\u00a0\u00bb\u00a0\u00bb][et_pb_row column_structure=\u00a0\u00bb1_2,1_2&Prime; use_custom_gutter=\u00a0\u00bbon\u00a0\u00bb gutter_width=\u00a0\u00bb1&Prime; make_equal=\u00a0\u00bbon\u00a0\u00bb _builder_version=\u00a0\u00bb4.0.11&Prime; width=\u00a0\u00bb100%\u00a0\u00bb max_width=\u00a0\u00bb2560px\u00a0\u00bb custom_padding=\u00a0\u00bb0px||0px||true|\u00a0\u00bb][et_pb_column type=\u00a0\u00bb1_2&Prime; _builder_version=\u00a0\u00bb4.0.11&Prime; background_color=\u00a0\u00bbrgba(77,103,135,0.92)\u00a0\u00bb custom_padding=\u00a0\u00bb50px|35px|50px|35px|true|true\u00a0\u00bb][et_pb_text admin_label=\u00a0\u00bbLa prima colazione\u00a0\u00bb _builder_version=\u00a0\u00bb4.6.1&Prime; header_text_color=\u00a0\u00bb#ffffff\u00a0\u00bb custom_padding=\u00a0\u00bb||||false|false\u00a0\u00bb hover_enabled=\u00a0\u00bb0&Prime; sticky_enabled=\u00a0\u00bb0&Prime;]<\/p>\n<h1 style=\"text-align: center;\"><strong>Le <span style=\"color: #e5ba82;\">petit-d\u00e9jeuner<\/span><\/strong><\/h1>\n<p>[\/et_pb_text][et_pb_text admin_label=\u00a0\u00bbI migliori prodotti per iniziare bene la giornata\u00a0\u00bb _builder_version=\u00a0\u00bb4.6.1&Prime; header_3_text_color=\u00a0\u00bb#ffffff\u00a0\u00bb max_width=\u00a0\u00bb400px\u00a0\u00bb module_alignment=\u00a0\u00bbcenter\u00a0\u00bb animation_style=\u00a0\u00bbslide\u00a0\u00bb animation_direction=\u00a0\u00bbright\u00a0\u00bb hover_enabled=\u00a0\u00bb0&Prime; sticky_enabled=\u00a0\u00bb0&Prime;]<\/p>\n<h3 style=\"text-align: center;\">Les meilleurs <strong>produits<\/strong> pour bien commencer la journ\u00e9e<\/h3>\n<p>[\/et_pb_text][et_pb_text _builder_version=\u00a0\u00bb4.0.11&Prime; text_text_color=\u00a0\u00bb#ffffff\u00a0\u00bb text_orientation=\u00a0\u00bbcenter\u00a0\u00bb max_width=\u00a0\u00bb600px\u00a0\u00bb module_alignment=\u00a0\u00bbcenter\u00a0\u00bb custom_margin=\u00a0\u00bb20px||||false|false\u00a0\u00bb]<\/p>\n<p style=\"text-align: center;\">Un buffet pour le <strong>petit-d\u00e9jeuner continental<\/strong> est pr\u00e9par\u00e9 tous les matins et le parfum des croissants sortis du four vous guidera vers la salle du petit-d\u00e9jeuner o\u00f9 vous pourrez commencer la journ\u00e9e en prenant soit du th\u00e9, du caf\u00e9, du lait de nos vall\u00e9es\u2026 le tout accompagn\u00e9 de fruits au sirop, de biscuits et de biscottes avec une s\u00e9lection de confitures et de miels, de fromages et de charcuterie, bien install\u00e9s dans une grande salle lumineuse.<\/p>\n<p>[\/et_pb_text][\/et_pb_column][et_pb_column type=\u00a0\u00bb1_2&Prime; _builder_version=\u00a0\u00bb4.0.11&Prime;][\/et_pb_column][\/et_pb_row][\/et_pb_section][et_pb_section fb_built=\u00a0\u00bb1&Prime; _builder_version=\u00a0\u00bb4.0.11&Prime; custom_padding=\u00a0\u00bb0px||0px||true|\u00a0\u00bb][et_pb_row column_structure=\u00a0\u00bb1_2,1_2&Prime; use_custom_gutter=\u00a0\u00bbon\u00a0\u00bb gutter_width=\u00a0\u00bb1&Prime; make_equal=\u00a0\u00bbon\u00a0\u00bb _builder_version=\u00a0\u00bb4.2.2&Prime; width=\u00a0\u00bb100%\u00a0\u00bb max_width=\u00a0\u00bb2560px\u00a0\u00bb custom_padding=\u00a0\u00bb0px||0px||true|\u00a0\u00bb][et_pb_column type=\u00a0\u00bb1_2&Prime; _builder_version=\u00a0\u00bb4.2.2&Prime; background_enable_color=\u00a0\u00bboff\u00a0\u00bb background_image=\u00a0\u00bbhttp:\/\/www.hotelduglacier.it\/wp-content\/uploads\/2020\/02\/colazioni-la-thuile-hotel-glacier-8.jpg\u00a0\u00bb transform_translate=\u00a0\u00bb0px|-50px\u00a0\u00bb transform_translate_linked=\u00a0\u00bboff\u00a0\u00bb custom_padding=\u00a0\u00bb400px|0px|0px|0px|false|true\u00a0\u00bb][et_pb_text admin_label=\u00a0\u00bbLINK\u00a0\u00bb _builder_version=\u00a0\u00bb4.0.11&Prime; text_font=\u00a0\u00bb|||on|||||\u00a0\u00bb text_text_color=\u00a0\u00bb#ffffff\u00a0\u00bb text_font_size=\u00a0\u00bb22px\u00a0\u00bb header_4_font=\u00a0\u00bb|||on|||||\u00a0\u00bb header_4_text_color=\u00a0\u00bb#ffffff\u00a0\u00bb background_color=\u00a0\u00bb#e5ba82&Prime; transform_origin=\u00a0\u00bb100%|50%\u00a0\u00bb custom_margin=\u00a0\u00bb100px||-50px||false|false\u00a0\u00bb custom_padding=\u00a0\u00bb30px|25px|30px|25px|true|true\u00a0\u00bb background__hover_enabled=\u00a0\u00bboff|hover\u00a0\u00bb background_enable_color__hover=\u00a0\u00bboff\u00a0\u00bb]<\/p>\n<p style=\"text-align: center;\">La grande salle lumineuse du petit-d\u00e9jeuner<\/p>\n<p>[\/et_pb_text][\/et_pb_column][et_pb_column type=\u00a0\u00bb1_2&Prime; _builder_version=\u00a0\u00bb4.2.2&Prime; background_image=\u00a0\u00bbhttp:\/\/www.hotelduglacier.it\/wp-content\/uploads\/2020\/02\/colazioni-la-thuile-hotel-glacier-1.jpg\u00a0\u00bb custom_padding=\u00a0\u00bb200px||200px||true|false\u00a0\u00bb custom_padding_tablet=\u00a0\u00bb\u00a0\u00bb custom_padding_phone=\u00a0\u00bb\u00a0\u00bb custom_padding_last_edited=\u00a0\u00bbon|phone\u00a0\u00bb][et_pb_divider show_divider=\u00a0\u00bboff\u00a0\u00bb admin_label=\u00a0\u00bbImmagine da cambiare su colonna verde &#8211; COLONNA 2&Prime; _builder_version=\u00a0\u00bb4.0.11&Prime; locked=\u00a0\u00bbon\u00a0\u00bb][\/et_pb_divider][\/et_pb_column][\/et_pb_row][\/et_pb_section][et_pb_section fb_built=\u00a0\u00bb1&Prime; disabled_on=\u00a0\u00bboff|off|off\u00a0\u00bb _builder_version=\u00a0\u00bb4.1&Prime; custom_margin=\u00a0\u00bb15px||||false|false\u00a0\u00bb custom_padding=\u00a0\u00bb0px||0px||true|\u00a0\u00bb][et_pb_row column_structure=\u00a0\u00bb2_5,3_5&Prime; use_custom_gutter=\u00a0\u00bbon\u00a0\u00bb gutter_width=\u00a0\u00bb1&Prime; make_equal=\u00a0\u00bbon\u00a0\u00bb _builder_version=\u00a0\u00bb4.2.2&Prime; width=\u00a0\u00bb100%\u00a0\u00bb max_width=\u00a0\u00bb2560px\u00a0\u00bb custom_padding=\u00a0\u00bb0px||0px||true|\u00a0\u00bb][et_pb_column type=\u00a0\u00bb2_5&Prime; _builder_version=\u00a0\u00bb4.2.2&Prime; background_image=\u00a0\u00bbhttp:\/\/www.hotelduglacier.it\/wp-content\/uploads\/2020\/02\/colazioni-la-thuile-hotel-glacier-6.jpg\u00a0\u00bb custom_padding=\u00a0\u00bb200px||200px||true|false\u00a0\u00bb custom_padding_tablet=\u00a0\u00bb\u00a0\u00bb custom_padding_phone=\u00a0\u00bb\u00a0\u00bb custom_padding_last_edited=\u00a0\u00bbon|desktop\u00a0\u00bb][et_pb_divider show_divider=\u00a0\u00bboff\u00a0\u00bb admin_label=\u00a0\u00bbImmagine da cambiare su colonna verde &#8211; COLONNA 1&Prime; _builder_version=\u00a0\u00bb4.0.11&Prime; locked=\u00a0\u00bbon\u00a0\u00bb][\/et_pb_divider][\/et_pb_column][et_pb_column type=\u00a0\u00bb3_5&Prime; _builder_version=\u00a0\u00bb4.2.2&Prime; background_enable_color=\u00a0\u00bboff\u00a0\u00bb background_image=\u00a0\u00bbhttp:\/\/www.hotelduglacier.it\/wp-content\/uploads\/2020\/02\/colazioni-la-thuile-hotel-glacier-7.jpg\u00a0\u00bb background_position=\u00a0\u00bbbottom_center\u00a0\u00bb transform_translate_linked=\u00a0\u00bboff\u00a0\u00bb custom_padding=\u00a0\u00bb400px|0px|0px|0px|false|true\u00a0\u00bb][et_pb_text admin_label=\u00a0\u00bbLINK\u00a0\u00bb _builder_version=\u00a0\u00bb4.0.11&Prime; text_font=\u00a0\u00bb|||on|||||\u00a0\u00bb text_text_color=\u00a0\u00bb#ffffff\u00a0\u00bb text_font_size=\u00a0\u00bb22px\u00a0\u00bb header_4_font=\u00a0\u00bb|||on|||||\u00a0\u00bb header_4_text_color=\u00a0\u00bb#ffffff\u00a0\u00bb background_color=\u00a0\u00bb#324357&Prime; custom_margin=\u00a0\u00bb93px||||false|false\u00a0\u00bb custom_padding=\u00a0\u00bb33px|25px|33px|25px|true|true\u00a0\u00bb background__hover_enabled=\u00a0\u00bboff|desktop\u00a0\u00bb]<\/p>\n<p style=\"text-align: center;\">L\u2019abondant buffet vari\u00e9 avec mets sal\u00e9s et sucr\u00e9s<\/p>\n<p>[\/et_pb_text][\/et_pb_column][\/et_pb_row][\/et_pb_section][et_pb_section fb_built=\u00a0\u00bb1&Prime; disabled_on=\u00a0\u00bboff|off|off\u00a0\u00bb _builder_version=\u00a0\u00bb4.1&Prime; custom_margin=\u00a0\u00bb15px||||false|false\u00a0\u00bb custom_padding=\u00a0\u00bb0px||0px||true|\u00a0\u00bb][et_pb_row column_structure=\u00a0\u00bb1_2,1_2&Prime; use_custom_gutter=\u00a0\u00bbon\u00a0\u00bb gutter_width=\u00a0\u00bb1&Prime; make_equal=\u00a0\u00bbon\u00a0\u00bb _builder_version=\u00a0\u00bb4.2.2&Prime; width=\u00a0\u00bb100%\u00a0\u00bb max_width=\u00a0\u00bb2560px\u00a0\u00bb custom_padding=\u00a0\u00bb0px||0px||true|\u00a0\u00bb][et_pb_column type=\u00a0\u00bb1_2&Prime; _builder_version=\u00a0\u00bb4.2.2&Prime; background_enable_color=\u00a0\u00bboff\u00a0\u00bb background_image=\u00a0\u00bbhttp:\/\/www.hotelduglacier.it\/wp-content\/uploads\/2020\/02\/colazioni-la-thuile-hotel-glacier-9.jpg\u00a0\u00bb transform_translate_linked=\u00a0\u00bboff\u00a0\u00bb custom_padding=\u00a0\u00bb400px|0px|0px|0px|false|true\u00a0\u00bb][et_pb_text admin_label=\u00a0\u00bbLINK\u00a0\u00bb _builder_version=\u00a0\u00bb4.0.11&Prime; text_font=\u00a0\u00bb|||on|||||\u00a0\u00bb text_text_color=\u00a0\u00bb#ffffff\u00a0\u00bb text_font_size=\u00a0\u00bb22px\u00a0\u00bb header_4_font=\u00a0\u00bb|||on|||||\u00a0\u00bb header_4_text_color=\u00a0\u00bb#ffffff\u00a0\u00bb background_color=\u00a0\u00bb#4a826e\u00a0\u00bb transform_origin=\u00a0\u00bb100%|50%\u00a0\u00bb custom_margin=\u00a0\u00bb100px||-50px||false|false\u00a0\u00bb custom_margin_tablet=\u00a0\u00bb||0px||false|false\u00a0\u00bb custom_margin_phone=\u00a0\u00bb\u00a0\u00bb custom_margin_last_edited=\u00a0\u00bbon|phone\u00a0\u00bb custom_padding=\u00a0\u00bb30px|25px|30px|25px|true|true\u00a0\u00bb background__hover_enabled=\u00a0\u00bboff|desktop\u00a0\u00bb]<\/p>\n<p style=\"text-align: center;\">L\u2019\u00e9nergie n\u00e9cessaire pour une journ\u00e9e en montagne<\/p>\n<p>[\/et_pb_text][\/et_pb_column][et_pb_column type=\u00a0\u00bb1_2&Prime; _builder_version=\u00a0\u00bb4.2.1&Prime; background_image=\u00a0\u00bbhttp:\/\/www.hotelduglacier.it\/wp-content\/uploads\/2020\/01\/colazioni-hotel-du-glacier-7.jpg\u00a0\u00bb custom_padding=\u00a0\u00bb200px||200px||true|false\u00a0\u00bb][et_pb_divider show_divider=\u00a0\u00bboff\u00a0\u00bb admin_label=\u00a0\u00bbImmagine da cambiare su colonna verde &#8211; COLONNA 2&Prime; _builder_version=\u00a0\u00bb4.0.11&Prime; locked=\u00a0\u00bbon\u00a0\u00bb][\/et_pb_divider][\/et_pb_column][\/et_pb_row][\/et_pb_section][et_pb_section fb_built=\u00a0\u00bb1&Prime; disabled_on=\u00a0\u00bboff|off|off\u00a0\u00bb _builder_version=\u00a0\u00bb4.0.11&Prime; background_color=\u00a0\u00bb#f5f5f5&Prime; custom_padding=\u00a0\u00bb0px||100px|||\u00a0\u00bb][\/et_pb_section]<\/p>\n","protected":false},"excerpt":{"rendered":"<p>Le petit-d\u00e9jeunerLes meilleurs produits pour bien commencer la journ\u00e9eUn buffet pour le petit-d\u00e9jeuner continental est pr\u00e9par\u00e9 tous les matins et le parfum des croissants sortis du four vous guidera vers la salle du petit-d\u00e9jeuner o\u00f9 vous pourrez commencer la journ\u00e9e en prenant soit du th\u00e9, du caf\u00e9, du lait de nos vall\u00e9es\u2026 le tout accompagn\u00e9 [&hellip;]<\/p>\n","protected":false},"author":1,"featured_media":0,"parent":0,"menu_order":0,"comment_status":"closed","ping_status":"closed","template":"","meta":{"_et_pb_use_builder":"on","_et_pb_old_content":"","_et_gb_content_width":"","footnotes":""},"class_list":["post-1039","page","type-page","status-publish","hentry"],"yoast_head":"<!-- This site is optimized with the Yoast SEO plugin v27.3 - https:\/\/yoast.com\/product\/yoast-seo-wordpress\/ -->\n<title>La colazione - Hotel du Glacier - Le tue vacanze in Valle d&#039;Aosta<\/title>\n<meta name=\"description\" content=\"La colazione continentale e a buffet, preparata ogni mattina e il profumo dei croissant appena sfornati vi guider\u00e0 alla giornata perfetta.\" \/>\n<meta name=\"robots\" content=\"index, follow, max-snippet:-1, max-image-preview:large, max-video-preview:-1\" \/>\n<link rel=\"canonical\" href=\"https:\/\/www.hotelduglacier.it\/fr\/petit-dejeuner\/\" \/>\n<meta property=\"og:locale\" content=\"fr_FR\" \/>\n<meta property=\"og:type\" content=\"article\" \/>\n<meta property=\"og:title\" content=\"La colazione - Hotel du Glacier - Le tue vacanze in Valle d&#039;Aosta\" \/>\n<meta property=\"og:description\" content=\"La colazione continentale e a buffet, preparata ogni mattina e il profumo dei croissant appena sfornati vi guider\u00e0 alla giornata perfetta.\" \/>\n<meta property=\"og:url\" content=\"https:\/\/www.hotelduglacier.it\/fr\/petit-dejeuner\/\" \/>\n<meta property=\"og:site_name\" content=\"Hotel du Glacier\" \/>\n<meta property=\"article:modified_time\" content=\"2020-09-08T06:30:13+00:00\" \/>\n<meta name=\"twitter:card\" content=\"summary_large_image\" \/>\n<meta name=\"twitter:label1\" content=\"Dur\u00e9e de lecture estim\u00e9e\" \/>\n\t<meta name=\"twitter:data1\" content=\"5 minutes\" \/>\n<script type=\"application\/ld+json\" class=\"yoast-schema-graph\">{\"@context\":\"https:\\\/\\\/schema.org\",\"@graph\":[{\"@type\":\"WebPage\",\"@id\":\"https:\\\/\\\/www.hotelduglacier.it\\\/fr\\\/petit-dejeuner\\\/\",\"url\":\"https:\\\/\\\/www.hotelduglacier.it\\\/fr\\\/petit-dejeuner\\\/\",\"name\":\"La colazione - Hotel du Glacier - Le tue vacanze in Valle d'Aosta\",\"isPartOf\":{\"@id\":\"https:\\\/\\\/www.hotelduglacier.it\\\/fr\\\/#website\"},\"datePublished\":\"2020-09-01T08:14:12+00:00\",\"dateModified\":\"2020-09-08T06:30:13+00:00\",\"description\":\"La colazione continentale e a buffet, preparata ogni mattina e il profumo dei croissant appena sfornati vi guider\u00e0 alla giornata perfetta.\",\"breadcrumb\":{\"@id\":\"https:\\\/\\\/www.hotelduglacier.it\\\/fr\\\/petit-dejeuner\\\/#breadcrumb\"},\"inLanguage\":\"fr-FR\",\"potentialAction\":[{\"@type\":\"ReadAction\",\"target\":[\"https:\\\/\\\/www.hotelduglacier.it\\\/fr\\\/petit-dejeuner\\\/\"]}]},{\"@type\":\"BreadcrumbList\",\"@id\":\"https:\\\/\\\/www.hotelduglacier.it\\\/fr\\\/petit-dejeuner\\\/#breadcrumb\",\"itemListElement\":[{\"@type\":\"ListItem\",\"position\":1,\"name\":\"Home\",\"item\":\"https:\\\/\\\/www.hotelduglacier.it\\\/fr\\\/\"},{\"@type\":\"ListItem\",\"position\":2,\"name\":\"Petit-d\u00e9jeuner\"}]},{\"@type\":\"WebSite\",\"@id\":\"https:\\\/\\\/www.hotelduglacier.it\\\/fr\\\/#website\",\"url\":\"https:\\\/\\\/www.hotelduglacier.it\\\/fr\\\/\",\"name\":\"Hotel du Glacier\",\"description\":\"GODETEVI UN SOGGIORNO SPECIALE A LA THUILE\",\"potentialAction\":[{\"@type\":\"SearchAction\",\"target\":{\"@type\":\"EntryPoint\",\"urlTemplate\":\"https:\\\/\\\/www.hotelduglacier.it\\\/fr\\\/?s={search_term_string}\"},\"query-input\":{\"@type\":\"PropertyValueSpecification\",\"valueRequired\":true,\"valueName\":\"search_term_string\"}}],\"inLanguage\":\"fr-FR\"}]}<\/script>\n<!-- \/ Yoast SEO plugin. -->","yoast_head_json":{"title":"La colazione - Hotel du Glacier - Le tue vacanze in Valle d'Aosta","description":"La colazione continentale e a buffet, preparata ogni mattina e il profumo dei croissant appena sfornati vi guider\u00e0 alla giornata perfetta.","robots":{"index":"index","follow":"follow","max-snippet":"max-snippet:-1","max-image-preview":"max-image-preview:large","max-video-preview":"max-video-preview:-1"},"canonical":"https:\/\/www.hotelduglacier.it\/fr\/petit-dejeuner\/","og_locale":"fr_FR","og_type":"article","og_title":"La colazione - Hotel du Glacier - Le tue vacanze in Valle d'Aosta","og_description":"La colazione continentale e a buffet, preparata ogni mattina e il profumo dei croissant appena sfornati vi guider\u00e0 alla giornata perfetta.","og_url":"https:\/\/www.hotelduglacier.it\/fr\/petit-dejeuner\/","og_site_name":"Hotel du Glacier","article_modified_time":"2020-09-08T06:30:13+00:00","twitter_card":"summary_large_image","twitter_misc":{"Dur\u00e9e de lecture estim\u00e9e":"5 minutes"},"schema":{"@context":"https:\/\/schema.org","@graph":[{"@type":"WebPage","@id":"https:\/\/www.hotelduglacier.it\/fr\/petit-dejeuner\/","url":"https:\/\/www.hotelduglacier.it\/fr\/petit-dejeuner\/","name":"La colazione - Hotel du Glacier - Le tue vacanze in Valle d'Aosta","isPartOf":{"@id":"https:\/\/www.hotelduglacier.it\/fr\/#website"},"datePublished":"2020-09-01T08:14:12+00:00","dateModified":"2020-09-08T06:30:13+00:00","description":"La colazione continentale e a buffet, preparata ogni mattina e il profumo dei croissant appena sfornati vi guider\u00e0 alla giornata perfetta.","breadcrumb":{"@id":"https:\/\/www.hotelduglacier.it\/fr\/petit-dejeuner\/#breadcrumb"},"inLanguage":"fr-FR","potentialAction":[{"@type":"ReadAction","target":["https:\/\/www.hotelduglacier.it\/fr\/petit-dejeuner\/"]}]},{"@type":"BreadcrumbList","@id":"https:\/\/www.hotelduglacier.it\/fr\/petit-dejeuner\/#breadcrumb","itemListElement":[{"@type":"ListItem","position":1,"name":"Home","item":"https:\/\/www.hotelduglacier.it\/fr\/"},{"@type":"ListItem","position":2,"name":"Petit-d\u00e9jeuner"}]},{"@type":"WebSite","@id":"https:\/\/www.hotelduglacier.it\/fr\/#website","url":"https:\/\/www.hotelduglacier.it\/fr\/","name":"Hotel du Glacier","description":"GODETEVI UN SOGGIORNO SPECIALE A LA THUILE","potentialAction":[{"@type":"SearchAction","target":{"@type":"EntryPoint","urlTemplate":"https:\/\/www.hotelduglacier.it\/fr\/?s={search_term_string}"},"query-input":{"@type":"PropertyValueSpecification","valueRequired":true,"valueName":"search_term_string"}}],"inLanguage":"fr-FR"}]}},"_links":{"self":[{"href":"https:\/\/www.hotelduglacier.it\/fr\/wp-json\/wp\/v2\/pages\/1039","targetHints":{"allow":["GET"]}}],"collection":[{"href":"https:\/\/www.hotelduglacier.it\/fr\/wp-json\/wp\/v2\/pages"}],"about":[{"href":"https:\/\/www.hotelduglacier.it\/fr\/wp-json\/wp\/v2\/types\/page"}],"author":[{"embeddable":true,"href":"https:\/\/www.hotelduglacier.it\/fr\/wp-json\/wp\/v2\/users\/1"}],"replies":[{"embeddable":true,"href":"https:\/\/www.hotelduglacier.it\/fr\/wp-json\/wp\/v2\/comments?post=1039"}],"version-history":[{"count":6,"href":"https:\/\/www.hotelduglacier.it\/fr\/wp-json\/wp\/v2\/pages\/1039\/revisions"}],"predecessor-version":[{"id":1200,"href":"https:\/\/www.hotelduglacier.it\/fr\/wp-json\/wp\/v2\/pages\/1039\/revisions\/1200"}],"wp:attachment":[{"href":"https:\/\/www.hotelduglacier.it\/fr\/wp-json\/wp\/v2\/media?parent=1039"}],"curies":[{"name":"wp","href":"https:\/\/api.w.org\/{rel}","templated":true}]}}