{"id":1051,"date":"2020-09-01T10:20:18","date_gmt":"2020-09-01T08:20:18","guid":{"rendered":"http:\/\/new.hotelduglacier.it\/la-thuile\/"},"modified":"2020-09-08T08:36:25","modified_gmt":"2020-09-08T06:36:25","slug":"la-thuile","status":"publish","type":"page","link":"https:\/\/www.hotelduglacier.it\/fr\/la-thuile\/","title":{"rendered":"La Thuile"},"content":{"rendered":"<p>[et_pb_section fb_built=\u00a0\u00bb1&Prime; custom_padding_last_edited=\u00a0\u00bbon|phone\u00a0\u00bb _builder_version=\u00a0\u00bb4.2.2&Prime; background_color_gradient_direction=\u00a0\u00bb128deg\u00a0\u00bb background_image=\u00a0\u00bbhttp:\/\/www.hotelduglacier.it\/wp-content\/uploads\/2020\/01\/inverno.jpg\u00a0\u00bb parallax=\u00a0\u00bbon\u00a0\u00bb parallax_method=\u00a0\u00bboff\u00a0\u00bb custom_padding=\u00a0\u00bb200px||500px||false|false\u00a0\u00bb custom_padding_tablet=\u00a0\u00bb100px||250px||false|false\u00a0\u00bb custom_padding_phone=\u00a0\u00bb\u00a0\u00bb][et_pb_row column_structure=\u00a0\u00bb1_2,1_2&Prime; use_custom_gutter=\u00a0\u00bbon\u00a0\u00bb gutter_width=\u00a0\u00bb1&Prime; make_equal=\u00a0\u00bbon\u00a0\u00bb _builder_version=\u00a0\u00bb4.0.11&Prime; width=\u00a0\u00bb100%\u00a0\u00bb max_width=\u00a0\u00bb2560px\u00a0\u00bb custom_padding=\u00a0\u00bb0px||0px||true|\u00a0\u00bb][et_pb_column type=\u00a0\u00bb1_2&Prime; _builder_version=\u00a0\u00bb4.0.11&Prime; background_color=\u00a0\u00bbrgba(77,103,135,0.92)\u00a0\u00bb custom_padding=\u00a0\u00bb50px|35px|50px|35px|true|true\u00a0\u00bb][et_pb_text admin_label=\u00a0\u00bbLa Thuile\u00a0\u00bb _builder_version=\u00a0\u00bb4.6.1&Prime; header_text_color=\u00a0\u00bb#ffffff\u00a0\u00bb custom_padding=\u00a0\u00bb||||false|false\u00a0\u00bb hover_enabled=\u00a0\u00bb0&Prime; sticky_enabled=\u00a0\u00bb0&Prime;]<\/p>\n<h1 style=\"text-align: center;\"><strong>La <span style=\"color: #e5ba82;\">Thuile<\/span><\/strong><\/h1>\n<p>[\/et_pb_text][et_pb_text admin_label=\u00a0\u00bbIl comune pi\u00f9 occidentale della valle d&rsquo;aosta\u00a0\u00bb _builder_version=\u00a0\u00bb4.6.1&Prime; header_3_text_color=\u00a0\u00bb#ffffff\u00a0\u00bb max_width=\u00a0\u00bb400px\u00a0\u00bb module_alignment=\u00a0\u00bbcenter\u00a0\u00bb animation_style=\u00a0\u00bbslide\u00a0\u00bb animation_direction=\u00a0\u00bbright\u00a0\u00bb hover_enabled=\u00a0\u00bb0&Prime; sticky_enabled=\u00a0\u00bb0&Prime;]<\/p>\n<h3 style=\"text-align: center;\">La commune la plus occidentale de la <strong>Vall\u00e9e d\u2019Aoste<\/strong><\/h3>\n<p>[\/et_pb_text][et_pb_text _builder_version=\u00a0\u00bb4.0.11&Prime; text_text_color=\u00a0\u00bb#ffffff\u00a0\u00bb text_orientation=\u00a0\u00bbcenter\u00a0\u00bb max_width=\u00a0\u00bb600px\u00a0\u00bb module_alignment=\u00a0\u00bbcenter\u00a0\u00bb custom_margin=\u00a0\u00bb20px||||false|false\u00a0\u00bb]<\/p>\n<p style=\"text-align: center;\">Avec les centres de La Salle, Morgex, Pr\u00e9-Saint-Didier et Courmayeur, <strong>La Thuile<\/strong> constitue la partie finale de la Vall\u00e9e d\u2019Aoste avant d\u2019entrer en territoire fran\u00e7ais par le col du Petit Saint-Bernard.<\/p>\n<p>[\/et_pb_text][\/et_pb_column][et_pb_column type=\u00a0\u00bb1_2&Prime; _builder_version=\u00a0\u00bb4.0.11&Prime;][\/et_pb_column][\/et_pb_row][\/et_pb_section][et_pb_section fb_built=\u00a0\u00bb1&Prime; _builder_version=\u00a0\u00bb4.0.11&Prime; custom_padding=\u00a0\u00bb0px||0px||true|\u00a0\u00bb locked=\u00a0\u00bboff\u00a0\u00bb][et_pb_row column_structure=\u00a0\u00bb1_2,1_2&Prime; use_custom_gutter=\u00a0\u00bbon\u00a0\u00bb gutter_width=\u00a0\u00bb1&Prime; make_equal=\u00a0\u00bbon\u00a0\u00bb _builder_version=\u00a0\u00bb4.5.1&Prime; width=\u00a0\u00bb100%\u00a0\u00bb max_width=\u00a0\u00bb2560px\u00a0\u00bb custom_padding=\u00a0\u00bb0px||0px||true|\u00a0\u00bb][et_pb_column type=\u00a0\u00bb1_2&Prime; _builder_version=\u00a0\u00bb4.2.2&Prime; background_color=\u00a0\u00bb#ffffff\u00a0\u00bb transform_translate=\u00a0\u00bb0px|-50px\u00a0\u00bb transform_translate_linked=\u00a0\u00bboff\u00a0\u00bb custom_padding=\u00a0\u00bb120px|0px|0px|0px|false|true\u00a0\u00bb][et_pb_text admin_label=\u00a0\u00bbUN PAESE DI MONTAGNA\u00a0\u00bb _builder_version=\u00a0\u00bb4.6.1&Prime; max_width=\u00a0\u00bb700px\u00a0\u00bb module_alignment=\u00a0\u00bbcenter\u00a0\u00bb custom_padding=\u00a0\u00bb|25px||25px|false|true\u00a0\u00bb custom_padding_tablet=\u00a0\u00bb|25px||25px|false|true\u00a0\u00bb custom_padding_phone=\u00a0\u00bb\u00a0\u00bb custom_padding_last_edited=\u00a0\u00bbon|phone\u00a0\u00bb hover_enabled=\u00a0\u00bb0&Prime; sticky_enabled=\u00a0\u00bb0&Prime;]<\/p>\n<h2 style=\"text-align: right;\">UNeE COMMUNE DE MONTAGNE<\/h2>\n<p>[\/et_pb_text][et_pb_text admin_label=\u00a0\u00bbPANORAMI MOZZAFIATO\u00a0\u00bb _builder_version=\u00a0\u00bb4.6.1&Prime; header_3_text_color=\u00a0\u00bb#333333&Prime; max_width=\u00a0\u00bb700px\u00a0\u00bb module_alignment=\u00a0\u00bbcenter\u00a0\u00bb custom_padding=\u00a0\u00bb|25px||25px|false|true\u00a0\u00bb custom_padding_tablet=\u00a0\u00bb|25px||25px|false|true\u00a0\u00bb custom_padding_phone=\u00a0\u00bb\u00a0\u00bb custom_padding_last_edited=\u00a0\u00bbon|phone\u00a0\u00bb animation_style=\u00a0\u00bbslide\u00a0\u00bb animation_direction=\u00a0\u00bbright\u00a0\u00bb hover_enabled=\u00a0\u00bb0&Prime; sticky_enabled=\u00a0\u00bb0&Prime;]<\/p>\n<h3 style=\"text-align: right;\">DES PANORAMAS \u00c0 COUPER LE SOUFFLE<\/h3>\n<p>[\/et_pb_text][et_pb_text _builder_version=\u00a0\u00bb4.0.11&Prime; max_width=\u00a0\u00bb500px\u00a0\u00bb module_alignment=\u00a0\u00bbcenter\u00a0\u00bb custom_margin=\u00a0\u00bb35px||||false|false\u00a0\u00bb custom_padding=\u00a0\u00bb|25px||25px|false|true\u00a0\u00bb custom_padding_tablet=\u00a0\u00bb|25px||25px|false|true\u00a0\u00bb custom_padding_phone=\u00a0\u00bb\u00a0\u00bb custom_padding_last_edited=\u00a0\u00bbon|phone\u00a0\u00bb]De nos jours, <strong>La Thuile<\/strong> est un centre touristique renomm\u00e9, bien \u00e9quip\u00e9, mais qui n\u2019a pas perdu pour autant ses caract\u00e9ristiques d\u2019ancien bourg de montagne, ni son identit\u00e9 historique et g\u00e9ographique. Tout dans la commune et dans le paysage environnant renvoie en effet \u00e0 la montagne et au territoire vald\u00f4tain.<\/p>\n<p>Dans le silence de la nature, le long des pistes enneig\u00e9es, r\u00e9sonnent les pas des paysans, les voix des mineurs, les pri\u00e8res des moines mauriciens.[\/et_pb_text][et_pb_text admin_label=\u00a0\u00bbLINK\u00a0\u00bb _builder_version=\u00a0\u00bb4.0.11&Prime; text_font=\u00a0\u00bb|||on|||||\u00a0\u00bb text_text_color=\u00a0\u00bb#ffffff\u00a0\u00bb text_font_size=\u00a0\u00bb22px\u00a0\u00bb header_4_font=\u00a0\u00bb|||on|||||\u00a0\u00bb header_4_text_color=\u00a0\u00bb#ffffff\u00a0\u00bb background_color=\u00a0\u00bb#e5ba82&Prime; transform_origin=\u00a0\u00bb100%|50%\u00a0\u00bb custom_margin=\u00a0\u00bb100px||-50px||false|false\u00a0\u00bb custom_padding=\u00a0\u00bb30px|25px|30px|25px|true|true\u00a0\u00bb background__hover_enabled=\u00a0\u00bboff|hover\u00a0\u00bb background_enable_color__hover=\u00a0\u00bboff\u00a0\u00bb]<\/p>\n<p style=\"text-align: center;\">Dans le silence de la nature<\/p>\n<p>[\/et_pb_text][\/et_pb_column][et_pb_column type=\u00a0\u00bb1_2&Prime; _builder_version=\u00a0\u00bb4.5.1&Prime; background_image=\u00a0\u00bbhttp:\/\/www.hotelduglacier.it\/wp-content\/uploads\/2020\/08\/la-thuile-3.jpg\u00a0\u00bb custom_padding=\u00a0\u00bb200px||200px||true|false\u00a0\u00bb custom_padding_tablet=\u00a0\u00bb\u00a0\u00bb custom_padding_phone=\u00a0\u00bb\u00a0\u00bb custom_padding_last_edited=\u00a0\u00bbon|phone\u00a0\u00bb][et_pb_divider show_divider=\u00a0\u00bboff\u00a0\u00bb admin_label=\u00a0\u00bbImmagine da cambiare su colonna verde &#8211; COLONNA 2&Prime; _builder_version=\u00a0\u00bb4.0.11&Prime; locked=\u00a0\u00bbon\u00a0\u00bb][\/et_pb_divider][\/et_pb_column][\/et_pb_row][\/et_pb_section][et_pb_section fb_built=\u00a0\u00bb1&Prime; disabled_on=\u00a0\u00bboff|off|off\u00a0\u00bb _builder_version=\u00a0\u00bb4.2.2&Prime; custom_margin=\u00a0\u00bb15px||||false|false\u00a0\u00bb custom_padding=\u00a0\u00bb0px||0px||true|\u00a0\u00bb][et_pb_row column_structure=\u00a0\u00bb2_5,3_5&Prime; use_custom_gutter=\u00a0\u00bbon\u00a0\u00bb gutter_width=\u00a0\u00bb1&Prime; make_equal=\u00a0\u00bbon\u00a0\u00bb _builder_version=\u00a0\u00bb4.5.1&Prime; width=\u00a0\u00bb100%\u00a0\u00bb max_width=\u00a0\u00bb2560px\u00a0\u00bb custom_padding=\u00a0\u00bb0px||0px||true|\u00a0\u00bb][et_pb_column type=\u00a0\u00bb2_5&Prime; _builder_version=\u00a0\u00bb4.5.1&Prime; background_image=\u00a0\u00bbhttp:\/\/www.hotelduglacier.it\/wp-content\/uploads\/2020\/08\/la-thuile-4.jpg\u00a0\u00bb custom_padding=\u00a0\u00bb200px||200px||true|false\u00a0\u00bb custom_padding_tablet=\u00a0\u00bb\u00a0\u00bb custom_padding_phone=\u00a0\u00bb\u00a0\u00bb custom_padding_last_edited=\u00a0\u00bbon|desktop\u00a0\u00bb][et_pb_divider show_divider=\u00a0\u00bboff\u00a0\u00bb admin_label=\u00a0\u00bbImmagine da cambiare su colonna verde &#8211; COLONNA 1&Prime; _builder_version=\u00a0\u00bb4.0.11&Prime; locked=\u00a0\u00bbon\u00a0\u00bb][\/et_pb_divider][\/et_pb_column][et_pb_column type=\u00a0\u00bb3_5&Prime; _builder_version=\u00a0\u00bb4.5.1&Prime; background_enable_color=\u00a0\u00bboff\u00a0\u00bb background_image=\u00a0\u00bbhttp:\/\/www.hotelduglacier.it\/wp-content\/uploads\/2020\/08\/la-thuile-1.jpg\u00a0\u00bb background_position=\u00a0\u00bbbottom_center\u00a0\u00bb transform_translate_linked=\u00a0\u00bboff\u00a0\u00bb custom_padding=\u00a0\u00bb400px|0px|0px|0px|false|true\u00a0\u00bb][et_pb_text admin_label=\u00a0\u00bbLINK\u00a0\u00bb _builder_version=\u00a0\u00bb4.0.11&Prime; text_font=\u00a0\u00bb|||on|||||\u00a0\u00bb text_text_color=\u00a0\u00bb#ffffff\u00a0\u00bb text_font_size=\u00a0\u00bb22px\u00a0\u00bb header_4_font=\u00a0\u00bb|||on|||||\u00a0\u00bb header_4_text_color=\u00a0\u00bb#ffffff\u00a0\u00bb background_color=\u00a0\u00bb#324357&Prime; custom_margin=\u00a0\u00bb93px||||false|false\u00a0\u00bb custom_padding=\u00a0\u00bb33px|25px|33px|25px|true|true\u00a0\u00bb background__hover_enabled=\u00a0\u00bboff|desktop\u00a0\u00bb]<\/p>\n<p style=\"text-align: center;\">Un centre touristique renomm\u00e9 et bien \u00e9quip\u00e9<\/p>\n<p>[\/et_pb_text][\/et_pb_column][\/et_pb_row][\/et_pb_section][et_pb_section fb_built=\u00a0\u00bb1&Prime; disabled_on=\u00a0\u00bboff|off|off\u00a0\u00bb _builder_version=\u00a0\u00bb4.2.2&Prime; custom_margin=\u00a0\u00bb15px||||false|false\u00a0\u00bb custom_padding=\u00a0\u00bb0px||0px||true|\u00a0\u00bb][et_pb_row column_structure=\u00a0\u00bb1_2,1_2&Prime; use_custom_gutter=\u00a0\u00bbon\u00a0\u00bb gutter_width=\u00a0\u00bb1&Prime; make_equal=\u00a0\u00bbon\u00a0\u00bb _builder_version=\u00a0\u00bb4.5.1&Prime; width=\u00a0\u00bb100%\u00a0\u00bb max_width=\u00a0\u00bb2560px\u00a0\u00bb custom_padding=\u00a0\u00bb0px||0px||true|\u00a0\u00bb][et_pb_column type=\u00a0\u00bb1_2&Prime; _builder_version=\u00a0\u00bb4.5.1&Prime; background_enable_color=\u00a0\u00bboff\u00a0\u00bb background_image=\u00a0\u00bbhttp:\/\/www.hotelduglacier.it\/wp-content\/uploads\/2020\/08\/la-thuile-5.jpg\u00a0\u00bb transform_translate_linked=\u00a0\u00bboff\u00a0\u00bb custom_padding=\u00a0\u00bb400px|0px|0px|0px|false|true\u00a0\u00bb filter_hue_rotate=\u00a0\u00bb325deg\u00a0\u00bb filter_saturate=\u00a0\u00bb59%\u00a0\u00bb filter_brightness=\u00a0\u00bb136%\u00a0\u00bb][et_pb_text admin_label=\u00a0\u00bbLINK\u00a0\u00bb _builder_version=\u00a0\u00bb4.0.11&Prime; text_font=\u00a0\u00bb|||on|||||\u00a0\u00bb text_text_color=\u00a0\u00bb#ffffff\u00a0\u00bb text_font_size=\u00a0\u00bb22px\u00a0\u00bb header_4_font=\u00a0\u00bb|||on|||||\u00a0\u00bb header_4_text_color=\u00a0\u00bb#ffffff\u00a0\u00bb background_color=\u00a0\u00bb#4a826e\u00a0\u00bb transform_origin=\u00a0\u00bb100%|50%\u00a0\u00bb custom_margin=\u00a0\u00bb100px||-50px||false|false\u00a0\u00bb custom_margin_tablet=\u00a0\u00bb||0px||false|false\u00a0\u00bb custom_margin_phone=\u00a0\u00bb\u00a0\u00bb custom_margin_last_edited=\u00a0\u00bbon|phone\u00a0\u00bb custom_padding=\u00a0\u00bb30px|25px|30px|25px|true|true\u00a0\u00bb background__hover_enabled=\u00a0\u00bboff|desktop\u00a0\u00bb]<\/p>\n<p style=\"text-align: center;\">Une grande vari\u00e9t\u00e9s d\u2019activit\u00e9s pour l\u2019hiver et pour l\u2019\u00e9t\u00e9<\/p>\n<p>[\/et_pb_text][\/et_pb_column][et_pb_column type=\u00a0\u00bb1_2&Prime; _builder_version=\u00a0\u00bb4.5.1&Prime; background_image=\u00a0\u00bbhttp:\/\/www.hotelduglacier.it\/wp-content\/uploads\/2020\/08\/la-thuile-2.jpg\u00a0\u00bb custom_padding=\u00a0\u00bb200px||200px||true|false\u00a0\u00bb][et_pb_divider show_divider=\u00a0\u00bboff\u00a0\u00bb admin_label=\u00a0\u00bbImmagine da cambiare su colonna verde &#8211; COLONNA 2&Prime; _builder_version=\u00a0\u00bb4.0.11&Prime; locked=\u00a0\u00bbon\u00a0\u00bb][\/et_pb_divider][\/et_pb_column][\/et_pb_row][\/et_pb_section][et_pb_section fb_built=\u00a0\u00bb1&Prime; disabled_on=\u00a0\u00bboff|off|off\u00a0\u00bb _builder_version=\u00a0\u00bb4.0.11&Prime; background_color=\u00a0\u00bb#ffffff\u00a0\u00bb custom_padding=\u00a0\u00bb150px||100px||false|\u00a0\u00bb locked=\u00a0\u00bbon\u00a0\u00bb][et_pb_row _builder_version=\u00a0\u00bb4.0.11&Prime; custom_padding=\u00a0\u00bb0px||0px|||\u00a0\u00bb][et_pb_column type=\u00a0\u00bb4_4&Prime; _builder_version=\u00a0\u00bb4.0.11&Prime;][et_pb_text admin_label=\u00a0\u00bbTitolo della news\u00a0\u00bb _builder_version=\u00a0\u00bb4.0.11&Prime; max_width=\u00a0\u00bb700px\u00a0\u00bb module_alignment=\u00a0\u00bbcenter\u00a0\u00bb custom_margin=\u00a0\u00bb||0px||false|false\u00a0\u00bb custom_padding=\u00a0\u00bb||||false|true\u00a0\u00bb custom_padding_tablet=\u00a0\u00bb|25px||25px|false|true\u00a0\u00bb custom_padding_phone=\u00a0\u00bb\u00a0\u00bb custom_padding_last_edited=\u00a0\u00bbon|phone\u00a0\u00bb]<\/p>\n<h2 style=\"text-align: center;\">Comment arriver \u00e0 l\u2019h\u00f4tel<\/h2>\n<p>[\/et_pb_text][et_pb_text admin_label=\u00a0\u00bbSottotitolo news\u00a0\u00bb _builder_version=\u00a0\u00bb4.0.11&Prime; header_3_text_color=\u00a0\u00bb#333333&Prime; max_width=\u00a0\u00bb700px\u00a0\u00bb module_alignment=\u00a0\u00bbcenter\u00a0\u00bb custom_padding_tablet=\u00a0\u00bb|25px||25px|false|true\u00a0\u00bb custom_padding_phone=\u00a0\u00bb\u00a0\u00bb custom_padding_last_edited=\u00a0\u00bbon|phone\u00a0\u00bb animation_style=\u00a0\u00bbslide\u00a0\u00bb animation_direction=\u00a0\u00bbright\u00a0\u00bb]<\/p>\n<h3 style=\"text-align: center;\">A LA FRONTI\u00c8RE ENTRE FRANCE ET ITALIE<\/h3>\n<p>[\/et_pb_text][et_pb_code _builder_version=\u00a0\u00bb4.0.11&Prime;]<iframe loading=\"lazy\" src=\"https:\/\/www.google.com\/maps\/embed?pb=!1m18!1m12!1m3!1d2785.8877878485!2d6.941701851800338!3d45.71328792470532!2m3!1f0!2f0!3f0!3m2!1i1024!2i768!4f13.1!3m3!1m2!1s0x478940154fd45a6b%3A0xc18ebfabd207c41d!2sHotel%20Du%20Glacier!5e0!3m2!1sit!2sit!4v1578648929535!5m2!1sit!2sit\" width=\"100%\" height=\"450\" frameborder=\"0\" style=\"border:0;\" allowfullscreen=\"\"><\/iframe>[\/et_pb_code][\/et_pb_column][\/et_pb_row][\/et_pb_section]<\/p>\n","protected":false},"excerpt":{"rendered":"<p>La ThuileLa commune la plus occidentale de la Vall\u00e9e d\u2019AosteAvec les centres de La Salle, Morgex, Pr\u00e9-Saint-Didier et Courmayeur, La Thuile constitue la partie finale de la Vall\u00e9e d\u2019Aoste avant d\u2019entrer en territoire fran\u00e7ais par le col du Petit Saint-Bernard.UNeE COMMUNE DE MONTAGNEDES PANORAMAS \u00c0 COUPER LE SOUFFLEDe nos jours, La Thuile est un centre [&hellip;]<\/p>\n","protected":false},"author":1,"featured_media":0,"parent":0,"menu_order":0,"comment_status":"closed","ping_status":"closed","template":"","meta":{"_et_pb_use_builder":"on","_et_pb_old_content":"","_et_gb_content_width":"","footnotes":""},"class_list":["post-1051","page","type-page","status-publish","hentry"],"yoast_head":"<!-- This site is optimized with the Yoast SEO plugin v27.3 - https:\/\/yoast.com\/product\/yoast-seo-wordpress\/ -->\n<title>La Thuile - Hotel du Glacier, Valle d&#039;Aosta - Un paese di montagna<\/title>\n<meta name=\"description\" content=\"La Thuile costituisce il tratto terminale della Valle d\u2019Aosta prima dell\u2019ingresso in territorio francese. Scopri questo bellissimo paese.\" \/>\n<meta name=\"robots\" content=\"index, follow, max-snippet:-1, max-image-preview:large, max-video-preview:-1\" \/>\n<link rel=\"canonical\" href=\"https:\/\/www.hotelduglacier.it\/fr\/la-thuile\/\" \/>\n<meta property=\"og:locale\" content=\"fr_FR\" \/>\n<meta property=\"og:type\" content=\"article\" \/>\n<meta property=\"og:title\" content=\"La Thuile - Hotel du Glacier, Valle d&#039;Aosta - Un paese di montagna\" \/>\n<meta property=\"og:description\" content=\"La Thuile costituisce il tratto terminale della Valle d\u2019Aosta prima dell\u2019ingresso in territorio francese. Scopri questo bellissimo paese.\" \/>\n<meta property=\"og:url\" content=\"https:\/\/www.hotelduglacier.it\/fr\/la-thuile\/\" \/>\n<meta property=\"og:site_name\" content=\"Hotel du Glacier\" \/>\n<meta property=\"article:modified_time\" content=\"2020-09-08T06:36:25+00:00\" \/>\n<meta name=\"twitter:card\" content=\"summary_large_image\" \/>\n<meta name=\"twitter:label1\" content=\"Dur\u00e9e de lecture estim\u00e9e\" \/>\n\t<meta name=\"twitter:data1\" content=\"6 minutes\" \/>\n<script type=\"application\/ld+json\" class=\"yoast-schema-graph\">{\"@context\":\"https:\\\/\\\/schema.org\",\"@graph\":[{\"@type\":\"WebPage\",\"@id\":\"https:\\\/\\\/www.hotelduglacier.it\\\/fr\\\/la-thuile\\\/\",\"url\":\"https:\\\/\\\/www.hotelduglacier.it\\\/fr\\\/la-thuile\\\/\",\"name\":\"La Thuile - Hotel du Glacier, Valle d'Aosta - Un paese di montagna\",\"isPartOf\":{\"@id\":\"https:\\\/\\\/www.hotelduglacier.it\\\/fr\\\/#website\"},\"datePublished\":\"2020-09-01T08:20:18+00:00\",\"dateModified\":\"2020-09-08T06:36:25+00:00\",\"description\":\"La Thuile costituisce il tratto terminale della Valle d\u2019Aosta prima dell\u2019ingresso in territorio francese. Scopri questo bellissimo paese.\",\"breadcrumb\":{\"@id\":\"https:\\\/\\\/www.hotelduglacier.it\\\/fr\\\/la-thuile\\\/#breadcrumb\"},\"inLanguage\":\"fr-FR\",\"potentialAction\":[{\"@type\":\"ReadAction\",\"target\":[\"https:\\\/\\\/www.hotelduglacier.it\\\/fr\\\/la-thuile\\\/\"]}]},{\"@type\":\"BreadcrumbList\",\"@id\":\"https:\\\/\\\/www.hotelduglacier.it\\\/fr\\\/la-thuile\\\/#breadcrumb\",\"itemListElement\":[{\"@type\":\"ListItem\",\"position\":1,\"name\":\"Home\",\"item\":\"https:\\\/\\\/www.hotelduglacier.it\\\/fr\\\/\"},{\"@type\":\"ListItem\",\"position\":2,\"name\":\"La Thuile\"}]},{\"@type\":\"WebSite\",\"@id\":\"https:\\\/\\\/www.hotelduglacier.it\\\/fr\\\/#website\",\"url\":\"https:\\\/\\\/www.hotelduglacier.it\\\/fr\\\/\",\"name\":\"Hotel du Glacier\",\"description\":\"GODETEVI UN SOGGIORNO SPECIALE A LA THUILE\",\"potentialAction\":[{\"@type\":\"SearchAction\",\"target\":{\"@type\":\"EntryPoint\",\"urlTemplate\":\"https:\\\/\\\/www.hotelduglacier.it\\\/fr\\\/?s={search_term_string}\"},\"query-input\":{\"@type\":\"PropertyValueSpecification\",\"valueRequired\":true,\"valueName\":\"search_term_string\"}}],\"inLanguage\":\"fr-FR\"}]}<\/script>\n<!-- \/ Yoast SEO plugin. -->","yoast_head_json":{"title":"La Thuile - Hotel du Glacier, Valle d'Aosta - Un paese di montagna","description":"La Thuile costituisce il tratto terminale della Valle d\u2019Aosta prima dell\u2019ingresso in territorio francese. Scopri questo bellissimo paese.","robots":{"index":"index","follow":"follow","max-snippet":"max-snippet:-1","max-image-preview":"max-image-preview:large","max-video-preview":"max-video-preview:-1"},"canonical":"https:\/\/www.hotelduglacier.it\/fr\/la-thuile\/","og_locale":"fr_FR","og_type":"article","og_title":"La Thuile - Hotel du Glacier, Valle d'Aosta - Un paese di montagna","og_description":"La Thuile costituisce il tratto terminale della Valle d\u2019Aosta prima dell\u2019ingresso in territorio francese. Scopri questo bellissimo paese.","og_url":"https:\/\/www.hotelduglacier.it\/fr\/la-thuile\/","og_site_name":"Hotel du Glacier","article_modified_time":"2020-09-08T06:36:25+00:00","twitter_card":"summary_large_image","twitter_misc":{"Dur\u00e9e de lecture estim\u00e9e":"6 minutes"},"schema":{"@context":"https:\/\/schema.org","@graph":[{"@type":"WebPage","@id":"https:\/\/www.hotelduglacier.it\/fr\/la-thuile\/","url":"https:\/\/www.hotelduglacier.it\/fr\/la-thuile\/","name":"La Thuile - Hotel du Glacier, Valle d'Aosta - Un paese di montagna","isPartOf":{"@id":"https:\/\/www.hotelduglacier.it\/fr\/#website"},"datePublished":"2020-09-01T08:20:18+00:00","dateModified":"2020-09-08T06:36:25+00:00","description":"La Thuile costituisce il tratto terminale della Valle d\u2019Aosta prima dell\u2019ingresso in territorio francese. Scopri questo bellissimo paese.","breadcrumb":{"@id":"https:\/\/www.hotelduglacier.it\/fr\/la-thuile\/#breadcrumb"},"inLanguage":"fr-FR","potentialAction":[{"@type":"ReadAction","target":["https:\/\/www.hotelduglacier.it\/fr\/la-thuile\/"]}]},{"@type":"BreadcrumbList","@id":"https:\/\/www.hotelduglacier.it\/fr\/la-thuile\/#breadcrumb","itemListElement":[{"@type":"ListItem","position":1,"name":"Home","item":"https:\/\/www.hotelduglacier.it\/fr\/"},{"@type":"ListItem","position":2,"name":"La Thuile"}]},{"@type":"WebSite","@id":"https:\/\/www.hotelduglacier.it\/fr\/#website","url":"https:\/\/www.hotelduglacier.it\/fr\/","name":"Hotel du Glacier","description":"GODETEVI UN SOGGIORNO SPECIALE A LA THUILE","potentialAction":[{"@type":"SearchAction","target":{"@type":"EntryPoint","urlTemplate":"https:\/\/www.hotelduglacier.it\/fr\/?s={search_term_string}"},"query-input":{"@type":"PropertyValueSpecification","valueRequired":true,"valueName":"search_term_string"}}],"inLanguage":"fr-FR"}]}},"_links":{"self":[{"href":"https:\/\/www.hotelduglacier.it\/fr\/wp-json\/wp\/v2\/pages\/1051","targetHints":{"allow":["GET"]}}],"collection":[{"href":"https:\/\/www.hotelduglacier.it\/fr\/wp-json\/wp\/v2\/pages"}],"about":[{"href":"https:\/\/www.hotelduglacier.it\/fr\/wp-json\/wp\/v2\/types\/page"}],"author":[{"embeddable":true,"href":"https:\/\/www.hotelduglacier.it\/fr\/wp-json\/wp\/v2\/users\/1"}],"replies":[{"embeddable":true,"href":"https:\/\/www.hotelduglacier.it\/fr\/wp-json\/wp\/v2\/comments?post=1051"}],"version-history":[{"count":6,"href":"https:\/\/www.hotelduglacier.it\/fr\/wp-json\/wp\/v2\/pages\/1051\/revisions"}],"predecessor-version":[{"id":1210,"href":"https:\/\/www.hotelduglacier.it\/fr\/wp-json\/wp\/v2\/pages\/1051\/revisions\/1210"}],"wp:attachment":[{"href":"https:\/\/www.hotelduglacier.it\/fr\/wp-json\/wp\/v2\/media?parent=1051"}],"curies":[{"name":"wp","href":"https:\/\/api.w.org\/{rel}","templated":true}]}}